{"id":3279,"date":"2016-06-08T09:46:11","date_gmt":"2016-06-08T09:46:11","guid":{"rendered":"https:\/\/www.cilantroandcitronella.com\/es\/?page_id=3279"},"modified":"2018-05-22T12:57:59","modified_gmt":"2018-05-22T12:57:59","slug":"politica-de-cookies","status":"publish","type":"page","link":"https:\/\/www.cilantroandcitronella.com\/es\/contacto\/politica-de-cookies\/","title":{"rendered":"Pol\u00edtica de Privacidad"},"content":{"rendered":"<p>Cilantro and Citronella encontrado en https:\/\/www.cilantroandcitronella.com\/ (\"Sitio web\") se rige por la siguiente pol\u00edtica de privacidad (\"Pol\u00edtica de Privacidad\").<\/p>\n<p>Respetamos su privacidad y estamos comprometidos a protegerlo. El objetivo de esta Pol\u00edtica de Privacidad es informarle qu\u00e9 informaci\u00f3n de identificaci\u00f3n personal podemos recopilar y c\u00f3mo se puede utilizar. Esta declaraci\u00f3n solo se aplica a este sitio web.<\/p>\n<p>\u00bfQU\u00c9 INFORMACI\u00d3N RECOPILAMOS Y C\u00d3MO SE UTILIZA?<\/p>\n<p>Informaci\u00f3n que usted env\u00eda voluntariamente al sitio web: podemos recopilar informaci\u00f3n personal suya, como su nombre o direcci\u00f3n de correo electr\u00f3nico. Por ejemplo, puede enviar informaci\u00f3n voluntariamente al sitio web al dejar un comentario, suscribirse a un bolet\u00edn o enviar un formulario de contacto.<\/p>\n<p>Informaci\u00f3n que recopilamos de otros: podemos recibir informaci\u00f3n sobre usted de otras fuentes.<\/p>\n<p>Informaci\u00f3n recopilada autom\u00e1ticamente: recopilamos autom\u00e1ticamente cierta informaci\u00f3n sobre usted y el dispositivo con el que accede al sitio web. Por ejemplo, cuando utiliza el sitio web, registraremos su direcci\u00f3n IP, tipo de sistema operativo, tipo de navegador, sitio web de referencia, p\u00e1ginas que vio y las fechas y horas en que accedi\u00f3 al sitio web. Tambi\u00e9n podemos recopilar informaci\u00f3n sobre las acciones que realiza al utilizar el sitio web, como los enlaces en los que se hace clic.<\/p>\n<p>Cookies: podemos registrar informaci\u00f3n utilizando cookies, que son peque\u00f1os archivos de datos almacenados en su navegador por el sitio web. Es posible que utilicemos cookies de sesi\u00f3n, que caducan al cerrar su navegador, y cookies persistentes, que permanecen en su navegador hasta que se eliminen, para brindarle una experiencia m\u00e1s personalizada en el sitio web.<\/p>\n<p>C\u00d3MO SE PUEDE USAR SU INFORMACI\u00d3N<\/p>\n<p>Podemos usar la informaci\u00f3n recopilada de las siguientes maneras:<\/p>\n<p>Para operar y mantener el sitio web;<br \/>\nPara enviarle informaci\u00f3n promocional, como boletines informativos. Cada promoci\u00f3n de correo electr\u00f3nico proporcionar\u00e1 informaci\u00f3n sobre c\u00f3mo optar por no recibir futuros correos;<br \/>\nPara enviarle comunicaciones administrativas, como correos electr\u00f3nicos administrativos, correos electr\u00f3nicos de confirmaci\u00f3n, avisos t\u00e9cnicos, actualizaciones sobre pol\u00edticas o alertas de seguridad;<br \/>\nPara responder a sus comentarios o consultas;<br \/>\nPara proporcionarle soporte al usuario;<br \/>\nPara rastrear y medir la publicidad en el sitio web;<br \/>\nPara proteger, investigar y evitar actividades ilegales o no autorizadas.<\/p>\n<p>USO POR TERCEROS DE INFORMACI\u00d3N PERSONAL<\/p>\n<p>Podemos compartir su informaci\u00f3n con terceros cuando nos autoriza expl\u00edcitamente a compartir su informaci\u00f3n.<\/p>\n<p>Adem\u00e1s, el sitio web puede usar proveedores de servicios de terceros para dar servicio a varios aspectos del sitio web. El uso de su informaci\u00f3n personal por parte de cada proveedor de servicios est\u00e1 dictado por sus respectivas pol\u00edticas de privacidad.<\/p>\n<p>Actualmente, el sitio web utiliza los siguientes proveedores de servicios de terceros:<\/p>\n<p>Google Analytics: este servicio rastrea el uso del sitio web y proporciona informaci\u00f3n, como sitios web de referencia y acciones del usuario en el sitio web. Google Analytics puede capturar su direcci\u00f3n IP, pero Google Analytics no captura ninguna otra informaci\u00f3n personal.<\/p>\n<p>Mail Chimp: este servicio se utiliza para la entrega de actualizaciones por correo electr\u00f3nico y boletines informativos. Almacenamos su nombre y direcci\u00f3n de correo electr\u00f3nico a los efectos de la entrega de dichas comunicaciones. Consulte la <a href=\"https:\/\/mailchimp.com\/legal\/privacy\/\" target=\"_blank\" rel=\"noopener\"><span style=\"text-decoration: underline;\">pol\u00edtica de privacidad de Mail Chimp<\/span><\/a> para obtener m\u00e1s informaci\u00f3n.<\/p>\n<p>Covert Plus: este servicio crea formularios de inscripci\u00f3n para la distribuci\u00f3n de nuestro e-book y el bolet\u00edn semanal. Almacenamos su nombre y direcci\u00f3n de correo electr\u00f3nico a los efectos de la entrega de dichas comunicaciones.<\/p>\n<p>UpdraftPlus: este tipo de servicio le permite al Propietario guardar y administrar copias de seguridad de este sitio web en servidores externos administrados por el propio proveedor del servicio. Las copias de seguridad pueden incluir el c\u00f3digo fuente y el contenido, as\u00ed como los datos que el usuario proporciona a este sitio web. Se recopilan diversos tipos de datos seg\u00fan se especifica en la <a href=\"https:\/\/updraftplus.com\/data-protection-and-privacy-centre\/\" target=\"_blank\" rel=\"noopener\"><span style=\"text-decoration: underline;\">pol\u00edtica de privacidad<\/span><\/a> del servicio.<\/p>\n<p>En este momento, su informaci\u00f3n personal no se comparte con ninguna otra aplicaci\u00f3n de terceros. Esta lista puede ser modificada de vez en cuando a la sola discreci\u00f3n del sitio web.<\/p>\n<p>Excepto cuando lo exija la ley, no venderemos, distribuiremos ni revelaremos sus direcciones de correo electr\u00f3nico u otra informaci\u00f3n personal sin su consentimiento; sin embargo, podemos divulgar o transferir informaci\u00f3n personal recopilada a trav\u00e9s del sitio web a terceros que adquieran la totalidad o una parte de nuestro negocio, que puede ser el resultado de una fusi\u00f3n, consolidaci\u00f3n o compra de la totalidad o una parte de nuestros activos, o en conexi\u00f3n con cualquier procedimiento de bancarrota o reorganizaci\u00f3n presentado por o en contra de nosotros.<\/p>\n<p>DATOS AN\u00d3NIMOS<\/p>\n<p>De vez en cuando, podemos utilizar datos an\u00f3nimos, que no lo identifican solo, o cuando se combinan con datos de otras partes. Este tipo de datos an\u00f3nimos se pueden proporcionar a otras partes para fines de marketing, publicidad u otros usos. Los ejemplos de estos datos an\u00f3nimos pueden incluir an\u00e1lisis o informaci\u00f3n recopilada de las cookies.<\/p>\n<p>INFORMACI\u00d3N P\u00daBLICA VISIBLE<\/p>\n<p>Los servicios de comentarios permiten a los usuarios hacer y publicar sus comentarios sobre los contenidos de este sitio web.<br \/>\nDependiendo de la configuraci\u00f3n elegida por el administrador, los usuarios tambi\u00e9n pueden dejar comentarios an\u00f3nimos. Si hay una direcci\u00f3n de correo electr\u00f3nico entre los Datos Personales proporcionados por el Usuario, se puede utilizar para enviar notificaciones de comentarios sobre el mismo contenido. Los usuarios son responsables del contenido de sus propios comentarios. Si se instala un servicio de comentarios proporcionado por terceros, a\u00fan puede recopilar datos de tr\u00e1fico web para las p\u00e1ginas donde est\u00e1 instalado el servicio de comentarios, incluso cuando los usuarios no utilicen el servicio de comentarios de contenido.<\/p>\n<p>COOKIES<\/p>\n<p>El sitio web utiliza cookies para almacenar las preferencias de los visitantes, registrar informaci\u00f3n espec\u00edfica del usuario sobre las p\u00e1ginas a las que acceden o visitan los usuarios, asegurarse de que no se env\u00eden repetidamente los mismos anuncios publicitarios, personalizar el contenido del sitio web seg\u00fan el tipo de navegador de los visitantes u otra informaci\u00f3n que el visitante env\u00eda. Las cookies tambi\u00e9n pueden ser utilizadas por servicios de terceros, como Google Analytics, como se describe en este documento.<\/p>\n<p>Los usuarios pueden, en cualquier momento, evitar la configuraci\u00f3n de cookies, por parte del sitio web, mediante el uso de la configuraci\u00f3n correspondiente de su navegador de Internet y, por lo tanto, pueden denegar permanentemente la configuraci\u00f3n de cookies. Adem\u00e1s, las cookies ya configuradas pueden eliminarse en cualquier momento a trav\u00e9s de un navegador de Internet u otros programas de software. Esto es posible en todos los buscadores de Internet populares. Sin embargo, si los usuarios desactivan la configuraci\u00f3n de cookies en su navegador de Internet, no todas las funciones de nuestro sitio web pueden ser completamente utilizables.<\/p>\n<p>PUBLICIDAD<\/p>\n<p>Anuncios de display<\/p>\n<p>Podemos utilizar compa\u00f1\u00edas publicitarias de terceros para publicar publicidad cuando visite el sitio web, que puede usar cookies, como se indic\u00f3 anteriormente. Si desea obtener m\u00e1s informaci\u00f3n sobre esta pr\u00e1ctica y conocer sus opciones para optar o no participar en esta recopilaci\u00f3n de datos, visite http:\/\/www.networkadvertising.org\/managing\/opt_out.asp.<\/p>\n<p>Anuncios de retargeting<\/p>\n<p>De vez en cuando, el sitio web puede participar en esfuerzos de remarketing con compa\u00f1\u00edas de terceros, como Google, Facebook o Instagram, para comercializar el sitio web. Estas empresas usan cookies para publicar anuncios basados \u200b\u200ben las visitas anteriores de alguien al sitio web.<\/p>\n<p>Facebook: inhabilitar el remarketing de Facebook <a href=\"https:\/\/www.facebook.com\/help\/568137493302217\" target=\"_blank\" rel=\"noopener\"><span style=\"text-decoration: underline;\">aqu\u00ed<\/span><\/a><\/p>\n<p>Google: inhabilitar el remarketing de Google <a href=\"https:\/\/adssettings.google.ca\/authenticated?hl=en\" target=\"_blank\" rel=\"noopener\"><span style=\"text-decoration: underline;\">aqu\u00ed<\/span><\/a><\/p>\n<p>Participaci\u00f3n en el programa de afiliados<\/p>\n<p>El sitio web puede participar en el marketing de afiliaci\u00f3n, que se realiza incorporando enlaces de seguimiento en el sitio web. Si hace clic en un enlace para una asociaci\u00f3n de afiliado, se colocar\u00e1 una cookie en su navegador para rastrear cualquier venta a los efectos de las comisiones.<\/p>\n<p>https:\/\/cilantroandcitronella.com participa en el Programa de Afiliados de Amazon EU, un programa de publicidad para afiliados dise\u00f1ado para ofrecer a sitios web un modo de obtener comisiones por publicidad, publicitando e incluyendo enlaces a Amazon.es. Como parte de este programa de Amazon Associates, el sitio web publicar\u00e1 enlaces personalizados, proporcionados por Amazon, para rastrear las referencias a su sitio web. Este programa utiliza cookies para realizar un seguimiento de las visitas con el fin de asignar comisiones sobre estas ventas.<\/p>\n<p>Nutriciously<\/p>\n<p>Hay una relaci\u00f3n de afiliado entre Cilantro and Citronella y Nutriciously. Esto significa que, sin costo adicional para usted, ganamos una comisi\u00f3n si realiza una compra de cualquiera de los libros electr\u00f3nicos de Nutriciously siguiendo un enlace desde nuestro sitio web, nuestro contenido de redes sociales o uno de nuestros boletines informativos.<\/p>\n<p>Boletines informativos<\/p>\n<p>En el sitio web, puede suscribirse a nuestro bolet\u00edn de noticias, que puede ser utilizado con fines publicitarios. Todos los boletines enviados pueden contener p\u00edxeles de seguimiento. El p\u00edxel permite un an\u00e1lisis del \u00e9xito de las campa\u00f1as de marketing en l\u00ednea. Debido a estos p\u00edxeles de seguimiento, podemos ver si y cu\u00e1ndo abre un correo electr\u00f3nico y qu\u00e9 enlaces dentro del correo electr\u00f3nico en el que hace clic. Adem\u00e1s, esto permite que el sitio web adapte el contenido de los boletines futuros a los intereses del usuario. Este comportamiento no se transmitir\u00e1 a terceros.<\/p>\n<p>Contactando al usuario<\/p>\n<p>Al completar el formulario de contacto con sus datos, el usuario autoriza a este sitio web a utilizar estos detalles para responder a las solicitudes de informaci\u00f3n, cotizaciones o cualquier otro tipo de solicitud seg\u00fan lo indicado por el encabezado del formulario.<\/p>\n<p>Datos personales recopilados: direcci\u00f3n de correo electr\u00f3nico, nombre y apellido.<\/p>\n<p>DERECHOS RELACIONADOS CON SU INFORMACI\u00d3N PERSONAL<\/p>\n<p>Exclusi\u00f3n: puede optar por no recibir comunicaciones futuras por correo electr\u00f3nico siguiendo los enlaces de cancelaci\u00f3n de suscripci\u00f3n en nuestros correos electr\u00f3nicos. Tambi\u00e9n puede notificarnos a info@cilantroandcitronella.com para que se elimine de nuestra lista de correo.<\/p>\n<p>Acceso: puede acceder a la informaci\u00f3n personal que tenemos sobre usted mediante el env\u00edo de una solicitud a info@cilantroandcitronella.com.<\/p>\n<p>Modif\u00edquelo: puede contactarnos a info@cilantroandcitronella.com para modificar o actualizar su informaci\u00f3n personal.<\/p>\n<p>Olvidar: en determinadas situaciones, puede solicitar que borremos u olvidemos sus datos personales. Para hacerlo, env\u00ede una solicitud a info@cilantroandcitronella.com.<\/p>\n<p>Tenga en cuenta que es posible que necesitemos conservar cierta informaci\u00f3n para fines de mantenimiento de registros o para completar transacciones, o cuando lo exija la ley.<\/p>\n<p>INFORMACI\u00d3N PERSONAL CONFIDENCIAL<\/p>\n<p>En ning\u00fan momento debe enviar informaci\u00f3n personal confidencial al sitio web. Esto incluye su n\u00famero de seguridad social, informaci\u00f3n sobre la raza o el origen \u00e9tnico, opiniones pol\u00edticas, creencias religiosas, informaci\u00f3n de salud, antecedentes penales o membres\u00edas sindicales. Si elige enviarnos dicha informaci\u00f3n, estar\u00e1 sujeta a esta Pol\u00edtica de Privacidad.<\/p>\n<p>INFORMACI\u00d3N PARA NI\u00d1OS<\/p>\n<p>El sitio web no recopila informaci\u00f3n personal identificable de ni\u00f1os menores de 16 a\u00f1os. Si un padre o tutor considera que el sitio web tiene informaci\u00f3n personal identificable de un ni\u00f1o menor de 16 a\u00f1os en su base de datos, cont\u00e1ctenos inmediatamente en info@cilantroandcitronella.com y haremos todo lo posible para eliminar de inmediato dicha informaci\u00f3n de nuestros registros.<\/p>\n<p>INFORMACI\u00d3N DEL CONTACTO<\/p>\n<p>En cualquier momento, cont\u00e1ctenos a info@cilantroandcitronella.com si tiene preguntas relacionadas con esta Pol\u00edtica de Privacidad.<\/p>\n<p>\u00daltima actualizaci\u00f3n: 22 de mayo de 2018.<\/p>\n<p>&nbsp;<\/p>\n","protected":false},"excerpt":{"rendered":"<p>Cilantro and Citronella encontrado en https:\/\/www.cilantroandcitronella.com\/ (\"Sitio web\") se rige por la siguiente pol\u00edtica de privacidad (\"Pol\u00edtica de Privacidad\"). Respetamos su privacidad y estamos comprometidos a protegerlo. El objetivo de esta Pol\u00edtica de Privacidad es informarle qu\u00e9 informaci\u00f3n de identificaci\u00f3n personal podemos recopilar y c\u00f3mo se puede utilizar. Esta declaraci\u00f3n solo se aplica a este...<\/p>\n<p><a class=\"more-link\" href=\"https:\/\/www.cilantroandcitronella.com\/es\/contacto\/politica-de-cookies\/\">Read More<\/a><\/p>","protected":false},"author":1,"featured_media":0,"parent":59,"menu_order":0,"comment_status":"closed","ping_status":"closed","template":"","meta":{"wprm-recipe-roundup-name":"","wprm-recipe-roundup-description":"","_genesis_hide_title":false,"_genesis_hide_breadcrumbs":false,"_genesis_hide_singular_image":false,"_genesis_hide_footer_widgets":false,"_genesis_custom_body_class":"","_genesis_custom_post_class":"","_genesis_layout":"","footnotes":""},"class_list":{"0":"post-3279","1":"page","2":"type-page","3":"status-publish","5":"entry"},"yoast_head":"<!-- This site is optimized with the Yoast SEO plugin v24.6 - https:\/\/yoast.com\/wordpress\/plugins\/seo\/ -->\n<title>Pol\u00edtica de Privacidad - Cilantro and Citronella<\/title>\n<meta name=\"robots\" content=\"index, follow, max-snippet:-1, max-image-preview:large, max-video-preview:-1\" \/>\n<link rel=\"canonical\" href=\"https:\/\/www.cilantroandcitronella.com\/es\/contacto\/politica-de-cookies\/\" \/>\n<meta property=\"og:locale\" content=\"es_ES\" \/>\n<meta property=\"og:type\" content=\"article\" \/>\n<meta property=\"og:title\" content=\"Pol\u00edtica de Privacidad - Cilantro and Citronella\" \/>\n<meta property=\"og:description\" content=\"Cilantro and Citronella encontrado en https:\/\/www.cilantroandcitronella.com\/ (&quot;Sitio web&quot;) se rige por la siguiente pol\u00edtica de privacidad (&quot;Pol\u00edtica de Privacidad&quot;). Respetamos su privacidad y estamos comprometidos a protegerlo. El objetivo de esta Pol\u00edtica de Privacidad es informarle qu\u00e9 informaci\u00f3n de identificaci\u00f3n personal podemos recopilar y c\u00f3mo se puede utilizar. Esta declaraci\u00f3n solo se aplica a este...\" \/>\n<meta property=\"og:url\" content=\"https:\/\/www.cilantroandcitronella.com\/es\/contacto\/politica-de-cookies\/\" \/>\n<meta property=\"og:site_name\" content=\"Cilantro and Citronella\" \/>\n<meta property=\"article:modified_time\" content=\"2018-05-22T12:57:59+00:00\" \/>\n<meta name=\"twitter:card\" content=\"summary_large_image\" \/>\n<meta name=\"twitter:site\" content=\"@CilantroYCitron\" \/>\n<meta name=\"twitter:label1\" content=\"Tiempo de lectura\" \/>\n\t<meta name=\"twitter:data1\" content=\"10 minutos\" \/>\n<script type=\"application\/ld+json\" class=\"yoast-schema-graph\">{\"@context\":\"https:\/\/schema.org\",\"@graph\":[{\"@type\":\"WebPage\",\"@id\":\"https:\/\/www.cilantroandcitronella.com\/es\/contacto\/politica-de-cookies\/\",\"url\":\"https:\/\/www.cilantroandcitronella.com\/es\/contacto\/politica-de-cookies\/\",\"name\":\"Pol\u00edtica de Privacidad - Cilantro and Citronella\",\"isPartOf\":{\"@id\":\"https:\/\/www.cilantroandcitronella.com\/#website\"},\"datePublished\":\"2016-06-08T09:46:11+00:00\",\"dateModified\":\"2018-05-22T12:57:59+00:00\",\"breadcrumb\":{\"@id\":\"https:\/\/www.cilantroandcitronella.com\/es\/contacto\/politica-de-cookies\/#breadcrumb\"},\"inLanguage\":\"es\",\"potentialAction\":[{\"@type\":\"ReadAction\",\"target\":[\"https:\/\/www.cilantroandcitronella.com\/es\/contacto\/politica-de-cookies\/\"]}]},{\"@type\":\"BreadcrumbList\",\"@id\":\"https:\/\/www.cilantroandcitronella.com\/es\/contacto\/politica-de-cookies\/#breadcrumb\",\"itemListElement\":[{\"@type\":\"ListItem\",\"position\":1,\"name\":\"Contacto\",\"item\":\"https:\/\/www.cilantroandcitronella.com\/es\/contacto\/\"},{\"@type\":\"ListItem\",\"position\":2,\"name\":\"Pol\u00edtica de Privacidad\"}]},{\"@type\":\"WebSite\",\"@id\":\"https:\/\/www.cilantroandcitronella.com\/#website\",\"url\":\"https:\/\/www.cilantroandcitronella.com\/\",\"name\":\"Cilantro and Citronella\",\"description\":\"Vegan Recipes - Recetas Veganas\",\"publisher\":{\"@id\":\"https:\/\/www.cilantroandcitronella.com\/#organization\"},\"potentialAction\":[{\"@type\":\"SearchAction\",\"target\":{\"@type\":\"EntryPoint\",\"urlTemplate\":\"https:\/\/www.cilantroandcitronella.com\/?s={search_term_string}\"},\"query-input\":{\"@type\":\"PropertyValueSpecification\",\"valueRequired\":true,\"valueName\":\"search_term_string\"}}],\"inLanguage\":\"es\"},{\"@type\":\"Organization\",\"@id\":\"https:\/\/www.cilantroandcitronella.com\/#organization\",\"name\":\"Cilantro and Citronella\",\"url\":\"https:\/\/www.cilantroandcitronella.com\/\",\"logo\":{\"@type\":\"ImageObject\",\"inLanguage\":\"es\",\"@id\":\"https:\/\/www.cilantroandcitronella.com\/#\/schema\/logo\/image\/\",\"url\":\"https:\/\/www.cilantroandcitronella.com\/wp-content\/uploads\/2021\/05\/CC-Featured-image.png\",\"contentUrl\":\"https:\/\/www.cilantroandcitronella.com\/wp-content\/uploads\/2021\/05\/CC-Featured-image.png\",\"width\":1200,\"height\":1200,\"caption\":\"Cilantro and Citronella\"},\"image\":{\"@id\":\"https:\/\/www.cilantroandcitronella.com\/#\/schema\/logo\/image\/\"},\"sameAs\":[\"https:\/\/x.com\/CilantroYCitron\"]}]}<\/script>\n<!-- \/ Yoast SEO plugin. -->","yoast_head_json":{"title":"Pol\u00edtica de Privacidad - Cilantro and Citronella","robots":{"index":"index","follow":"follow","max-snippet":"max-snippet:-1","max-image-preview":"max-image-preview:large","max-video-preview":"max-video-preview:-1"},"canonical":"https:\/\/www.cilantroandcitronella.com\/es\/contacto\/politica-de-cookies\/","og_locale":"es_ES","og_type":"article","og_title":"Pol\u00edtica de Privacidad - Cilantro and Citronella","og_description":"Cilantro and Citronella encontrado en https:\/\/www.cilantroandcitronella.com\/ (\"Sitio web\") se rige por la siguiente pol\u00edtica de privacidad (\"Pol\u00edtica de Privacidad\"). Respetamos su privacidad y estamos comprometidos a protegerlo. El objetivo de esta Pol\u00edtica de Privacidad es informarle qu\u00e9 informaci\u00f3n de identificaci\u00f3n personal podemos recopilar y c\u00f3mo se puede utilizar. Esta declaraci\u00f3n solo se aplica a este...","og_url":"https:\/\/www.cilantroandcitronella.com\/es\/contacto\/politica-de-cookies\/","og_site_name":"Cilantro and Citronella","article_modified_time":"2018-05-22T12:57:59+00:00","twitter_card":"summary_large_image","twitter_site":"@CilantroYCitron","twitter_misc":{"Tiempo de lectura":"10 minutos"},"schema":{"@context":"https:\/\/schema.org","@graph":[{"@type":"WebPage","@id":"https:\/\/www.cilantroandcitronella.com\/es\/contacto\/politica-de-cookies\/","url":"https:\/\/www.cilantroandcitronella.com\/es\/contacto\/politica-de-cookies\/","name":"Pol\u00edtica de Privacidad - Cilantro and Citronella","isPartOf":{"@id":"https:\/\/www.cilantroandcitronella.com\/#website"},"datePublished":"2016-06-08T09:46:11+00:00","dateModified":"2018-05-22T12:57:59+00:00","breadcrumb":{"@id":"https:\/\/www.cilantroandcitronella.com\/es\/contacto\/politica-de-cookies\/#breadcrumb"},"inLanguage":"es","potentialAction":[{"@type":"ReadAction","target":["https:\/\/www.cilantroandcitronella.com\/es\/contacto\/politica-de-cookies\/"]}]},{"@type":"BreadcrumbList","@id":"https:\/\/www.cilantroandcitronella.com\/es\/contacto\/politica-de-cookies\/#breadcrumb","itemListElement":[{"@type":"ListItem","position":1,"name":"Contacto","item":"https:\/\/www.cilantroandcitronella.com\/es\/contacto\/"},{"@type":"ListItem","position":2,"name":"Pol\u00edtica de Privacidad"}]},{"@type":"WebSite","@id":"https:\/\/www.cilantroandcitronella.com\/#website","url":"https:\/\/www.cilantroandcitronella.com\/","name":"Cilantro and Citronella","description":"Vegan Recipes - Recetas Veganas","publisher":{"@id":"https:\/\/www.cilantroandcitronella.com\/#organization"},"potentialAction":[{"@type":"SearchAction","target":{"@type":"EntryPoint","urlTemplate":"https:\/\/www.cilantroandcitronella.com\/?s={search_term_string}"},"query-input":{"@type":"PropertyValueSpecification","valueRequired":true,"valueName":"search_term_string"}}],"inLanguage":"es"},{"@type":"Organization","@id":"https:\/\/www.cilantroandcitronella.com\/#organization","name":"Cilantro and Citronella","url":"https:\/\/www.cilantroandcitronella.com\/","logo":{"@type":"ImageObject","inLanguage":"es","@id":"https:\/\/www.cilantroandcitronella.com\/#\/schema\/logo\/image\/","url":"https:\/\/www.cilantroandcitronella.com\/wp-content\/uploads\/2021\/05\/CC-Featured-image.png","contentUrl":"https:\/\/www.cilantroandcitronella.com\/wp-content\/uploads\/2021\/05\/CC-Featured-image.png","width":1200,"height":1200,"caption":"Cilantro and Citronella"},"image":{"@id":"https:\/\/www.cilantroandcitronella.com\/#\/schema\/logo\/image\/"},"sameAs":["https:\/\/x.com\/CilantroYCitron"]}]}},"_links":{"self":[{"href":"https:\/\/www.cilantroandcitronella.com\/es\/wp-json\/wp\/v2\/pages\/3279\/"}],"collection":[{"href":"https:\/\/www.cilantroandcitronella.com\/es\/wp-json\/wp\/v2\/pages\/"}],"about":[{"href":"https:\/\/www.cilantroandcitronella.com\/es\/wp-json\/wp\/v2\/types\/page\/"}],"author":[{"embeddable":true,"href":"https:\/\/www.cilantroandcitronella.com\/es\/wp-json\/wp\/v2\/users\/1\/"}],"replies":[{"embeddable":true,"href":"https:\/\/www.cilantroandcitronella.com\/es\/wp-json\/wp\/v2\/comments\/?post=3279"}],"version-history":[{"count":11,"href":"https:\/\/www.cilantroandcitronella.com\/es\/wp-json\/wp\/v2\/pages\/3279\/revisions\/"}],"predecessor-version":[{"id":8700,"href":"https:\/\/www.cilantroandcitronella.com\/es\/wp-json\/wp\/v2\/pages\/3279\/revisions\/8700\/"}],"up":[{"embeddable":true,"href":"https:\/\/www.cilantroandcitronella.com\/es\/wp-json\/wp\/v2\/pages\/59\/"}],"wp:attachment":[{"href":"https:\/\/www.cilantroandcitronella.com\/es\/wp-json\/wp\/v2\/media\/?parent=3279"}],"curies":[{"name":"wp","href":"https:\/\/api.w.org\/{rel}","templated":true}]}}