{"id":59,"date":"2015-03-05T16:36:21","date_gmt":"2015-03-05T16:36:21","guid":{"rendered":"http:\/\/cilantroandcitronella.com\/?page_id=59"},"modified":"2021-09-28T09:31:05","modified_gmt":"2021-09-28T09:31:05","slug":"contacto","status":"publish","type":"page","link":"https:\/\/www.cilantroandcitronella.com\/es\/contacto\/","title":{"rendered":"Contacto"},"content":{"rendered":"<p><img loading=\"lazy\" decoding=\"async\" class=\"alignleft wp-image-1626 size-medium\" src=\"https:\/\/www.cilantroandcitronella.com\/wp-content\/uploads\/2015\/03\/me-4-169x300.jpg\" alt=\"Hello\" width=\"169\" height=\"300\" srcset=\"https:\/\/www.cilantroandcitronella.com\/wp-content\/uploads\/2015\/03\/me-4-169x300.jpg 169w, https:\/\/www.cilantroandcitronella.com\/wp-content\/uploads\/2015\/03\/me-4-576x1024.jpg 576w, https:\/\/www.cilantroandcitronella.com\/wp-content\/uploads\/2015\/03\/me-4-113x200.jpg 113w, https:\/\/www.cilantroandcitronella.com\/wp-content\/uploads\/2015\/03\/me-4.jpg 1080w\" sizes=\"auto, (max-width: 169px) 100vw, 169px\" \/>Hola, soy Melissa. Bienvenidos a mi peque\u00f1o rinc\u00f3n en internet donde comparto mis recetas vegetarianas y veganas preferidas. Nac\u00ed en Canad\u00e1 y despu\u00e9s de muchos a\u00f1os he encontrado mi hogar en Barcelona, Espa\u00f1a. Ha sido un largo viaje desde ah\u00ed hasta aqu\u00ed, pasando por varios pa\u00edses y continentes durante m\u00e1s de 10 a\u00f1os. Es por eso que decid\u00ed clasificar mis recetas por cocinas del mundo - algunas son tradicionales, otras son versiones vegetarianas de platos tradicionales y otras son interpretaciones libres resultado de mis experimentos. \u00a1Espero que disfrut\u00e9is!<\/p>\n","protected":false},"excerpt":{"rendered":"<p>Hola, soy Melissa. Bienvenidos a mi peque\u00f1o rinc\u00f3n en internet donde comparto mis recetas vegetarianas y veganas preferidas. Nac\u00ed en Canad\u00e1 y despu\u00e9s de muchos a\u00f1os he encontrado mi hogar en Barcelona, Espa\u00f1a. Ha sido un largo viaje desde ah\u00ed hasta aqu\u00ed, pasando por varios pa\u00edses y continentes durante m\u00e1s de 10 a\u00f1os. Es por...<\/p>\n<p><a class=\"more-link\" href=\"https:\/\/www.cilantroandcitronella.com\/es\/contacto\/\">Read More<\/a><\/p>","protected":false},"author":1,"featured_media":0,"parent":0,"menu_order":0,"comment_status":"open","ping_status":"closed","template":"","meta":{"wprm-recipe-roundup-name":"","wprm-recipe-roundup-description":"","_genesis_hide_title":false,"_genesis_hide_breadcrumbs":false,"_genesis_hide_singular_image":false,"_genesis_hide_footer_widgets":false,"_genesis_custom_body_class":"","_genesis_custom_post_class":"","_genesis_layout":"","footnotes":""},"class_list":{"0":"post-59","1":"page","2":"type-page","3":"status-publish","5":"entry","6":"has-post-thumbnail"},"yoast_head":"<!-- This site is optimized with the Yoast SEO plugin v24.6 - https:\/\/yoast.com\/wordpress\/plugins\/seo\/ -->\n<title>Contacto - Cilantro and Citronella<\/title>\n<meta name=\"robots\" content=\"index, follow, max-snippet:-1, max-image-preview:large, max-video-preview:-1\" \/>\n<link rel=\"canonical\" href=\"https:\/\/www.cilantroandcitronella.com\/es\/contacto\/\" \/>\n<meta property=\"og:locale\" content=\"es_ES\" \/>\n<meta property=\"og:type\" content=\"article\" \/>\n<meta property=\"og:title\" content=\"Contacto - Cilantro and Citronella\" \/>\n<meta property=\"og:description\" content=\"Hola, soy Melissa. Bienvenidos a mi peque\u00f1o rinc\u00f3n en internet donde comparto mis recetas vegetarianas y veganas preferidas. Nac\u00ed en Canad\u00e1 y despu\u00e9s de muchos a\u00f1os he encontrado mi hogar en Barcelona, Espa\u00f1a. Ha sido un largo viaje desde ah\u00ed hasta aqu\u00ed, pasando por varios pa\u00edses y continentes durante m\u00e1s de 10 a\u00f1os. Es por...\" \/>\n<meta property=\"og:url\" content=\"https:\/\/www.cilantroandcitronella.com\/es\/contacto\/\" \/>\n<meta property=\"og:site_name\" content=\"Cilantro and Citronella\" \/>\n<meta property=\"article:modified_time\" content=\"2021-09-28T09:31:05+00:00\" \/>\n<meta property=\"og:image\" content=\"https:\/\/www.cilantroandcitronella.com\/wp-content\/uploads\/2015\/03\/me-4-169x300.jpg\" \/>\n<meta name=\"twitter:card\" content=\"summary_large_image\" \/>\n<meta name=\"twitter:site\" content=\"@CilantroYCitron\" \/>\n<meta name=\"twitter:label1\" content=\"Tiempo de lectura\" \/>\n\t<meta name=\"twitter:data1\" content=\"1 minuto\" \/>\n<script type=\"application\/ld+json\" class=\"yoast-schema-graph\">{\"@context\":\"https:\/\/schema.org\",\"@graph\":[{\"@type\":\"WebPage\",\"@id\":\"https:\/\/www.cilantroandcitronella.com\/es\/contacto\/\",\"url\":\"https:\/\/www.cilantroandcitronella.com\/es\/contacto\/\",\"name\":\"Contacto - Cilantro and Citronella\",\"isPartOf\":{\"@id\":\"https:\/\/www.cilantroandcitronella.com\/#website\"},\"primaryImageOfPage\":{\"@id\":\"https:\/\/www.cilantroandcitronella.com\/es\/contacto\/#primaryimage\"},\"image\":{\"@id\":\"https:\/\/www.cilantroandcitronella.com\/es\/contacto\/#primaryimage\"},\"thumbnailUrl\":\"https:\/\/www.cilantroandcitronella.com\/wp-content\/uploads\/2015\/03\/me-4-169x300.jpg\",\"datePublished\":\"2015-03-05T16:36:21+00:00\",\"dateModified\":\"2021-09-28T09:31:05+00:00\",\"inLanguage\":\"es\",\"potentialAction\":[{\"@type\":\"ReadAction\",\"target\":[\"https:\/\/www.cilantroandcitronella.com\/es\/contacto\/\"]}]},{\"@type\":\"ImageObject\",\"inLanguage\":\"es\",\"@id\":\"https:\/\/www.cilantroandcitronella.com\/es\/contacto\/#primaryimage\",\"url\":\"https:\/\/www.cilantroandcitronella.com\/wp-content\/uploads\/2015\/03\/me-4-169x300.jpg\",\"contentUrl\":\"https:\/\/www.cilantroandcitronella.com\/wp-content\/uploads\/2015\/03\/me-4-169x300.jpg\"},{\"@type\":\"WebSite\",\"@id\":\"https:\/\/www.cilantroandcitronella.com\/#website\",\"url\":\"https:\/\/www.cilantroandcitronella.com\/\",\"name\":\"Cilantro and Citronella\",\"description\":\"Vegan Recipes - Recetas Veganas\",\"publisher\":{\"@id\":\"https:\/\/www.cilantroandcitronella.com\/#organization\"},\"potentialAction\":[{\"@type\":\"SearchAction\",\"target\":{\"@type\":\"EntryPoint\",\"urlTemplate\":\"https:\/\/www.cilantroandcitronella.com\/?s={search_term_string}\"},\"query-input\":{\"@type\":\"PropertyValueSpecification\",\"valueRequired\":true,\"valueName\":\"search_term_string\"}}],\"inLanguage\":\"es\"},{\"@type\":\"Organization\",\"@id\":\"https:\/\/www.cilantroandcitronella.com\/#organization\",\"name\":\"Cilantro and Citronella\",\"url\":\"https:\/\/www.cilantroandcitronella.com\/\",\"logo\":{\"@type\":\"ImageObject\",\"inLanguage\":\"es\",\"@id\":\"https:\/\/www.cilantroandcitronella.com\/#\/schema\/logo\/image\/\",\"url\":\"https:\/\/www.cilantroandcitronella.com\/wp-content\/uploads\/2021\/05\/CC-Featured-image.png\",\"contentUrl\":\"https:\/\/www.cilantroandcitronella.com\/wp-content\/uploads\/2021\/05\/CC-Featured-image.png\",\"width\":1200,\"height\":1200,\"caption\":\"Cilantro and Citronella\"},\"image\":{\"@id\":\"https:\/\/www.cilantroandcitronella.com\/#\/schema\/logo\/image\/\"},\"sameAs\":[\"https:\/\/x.com\/CilantroYCitron\"]}]}<\/script>\n<!-- \/ Yoast SEO plugin. -->","yoast_head_json":{"title":"Contacto - Cilantro and Citronella","robots":{"index":"index","follow":"follow","max-snippet":"max-snippet:-1","max-image-preview":"max-image-preview:large","max-video-preview":"max-video-preview:-1"},"canonical":"https:\/\/www.cilantroandcitronella.com\/es\/contacto\/","og_locale":"es_ES","og_type":"article","og_title":"Contacto - Cilantro and Citronella","og_description":"Hola, soy Melissa. Bienvenidos a mi peque\u00f1o rinc\u00f3n en internet donde comparto mis recetas vegetarianas y veganas preferidas. Nac\u00ed en Canad\u00e1 y despu\u00e9s de muchos a\u00f1os he encontrado mi hogar en Barcelona, Espa\u00f1a. Ha sido un largo viaje desde ah\u00ed hasta aqu\u00ed, pasando por varios pa\u00edses y continentes durante m\u00e1s de 10 a\u00f1os. Es por...","og_url":"https:\/\/www.cilantroandcitronella.com\/es\/contacto\/","og_site_name":"Cilantro and Citronella","article_modified_time":"2021-09-28T09:31:05+00:00","og_image":[{"url":"https:\/\/www.cilantroandcitronella.com\/wp-content\/uploads\/2015\/03\/me-4-169x300.jpg","type":"","width":"","height":""}],"twitter_card":"summary_large_image","twitter_site":"@CilantroYCitron","twitter_misc":{"Tiempo de lectura":"1 minuto"},"schema":{"@context":"https:\/\/schema.org","@graph":[{"@type":"WebPage","@id":"https:\/\/www.cilantroandcitronella.com\/es\/contacto\/","url":"https:\/\/www.cilantroandcitronella.com\/es\/contacto\/","name":"Contacto - Cilantro and Citronella","isPartOf":{"@id":"https:\/\/www.cilantroandcitronella.com\/#website"},"primaryImageOfPage":{"@id":"https:\/\/www.cilantroandcitronella.com\/es\/contacto\/#primaryimage"},"image":{"@id":"https:\/\/www.cilantroandcitronella.com\/es\/contacto\/#primaryimage"},"thumbnailUrl":"https:\/\/www.cilantroandcitronella.com\/wp-content\/uploads\/2015\/03\/me-4-169x300.jpg","datePublished":"2015-03-05T16:36:21+00:00","dateModified":"2021-09-28T09:31:05+00:00","inLanguage":"es","potentialAction":[{"@type":"ReadAction","target":["https:\/\/www.cilantroandcitronella.com\/es\/contacto\/"]}]},{"@type":"ImageObject","inLanguage":"es","@id":"https:\/\/www.cilantroandcitronella.com\/es\/contacto\/#primaryimage","url":"https:\/\/www.cilantroandcitronella.com\/wp-content\/uploads\/2015\/03\/me-4-169x300.jpg","contentUrl":"https:\/\/www.cilantroandcitronella.com\/wp-content\/uploads\/2015\/03\/me-4-169x300.jpg"},{"@type":"WebSite","@id":"https:\/\/www.cilantroandcitronella.com\/#website","url":"https:\/\/www.cilantroandcitronella.com\/","name":"Cilantro and Citronella","description":"Vegan Recipes - Recetas Veganas","publisher":{"@id":"https:\/\/www.cilantroandcitronella.com\/#organization"},"potentialAction":[{"@type":"SearchAction","target":{"@type":"EntryPoint","urlTemplate":"https:\/\/www.cilantroandcitronella.com\/?s={search_term_string}"},"query-input":{"@type":"PropertyValueSpecification","valueRequired":true,"valueName":"search_term_string"}}],"inLanguage":"es"},{"@type":"Organization","@id":"https:\/\/www.cilantroandcitronella.com\/#organization","name":"Cilantro and Citronella","url":"https:\/\/www.cilantroandcitronella.com\/","logo":{"@type":"ImageObject","inLanguage":"es","@id":"https:\/\/www.cilantroandcitronella.com\/#\/schema\/logo\/image\/","url":"https:\/\/www.cilantroandcitronella.com\/wp-content\/uploads\/2021\/05\/CC-Featured-image.png","contentUrl":"https:\/\/www.cilantroandcitronella.com\/wp-content\/uploads\/2021\/05\/CC-Featured-image.png","width":1200,"height":1200,"caption":"Cilantro and Citronella"},"image":{"@id":"https:\/\/www.cilantroandcitronella.com\/#\/schema\/logo\/image\/"},"sameAs":["https:\/\/x.com\/CilantroYCitron"]}]}},"_links":{"self":[{"href":"https:\/\/www.cilantroandcitronella.com\/es\/wp-json\/wp\/v2\/pages\/59\/"}],"collection":[{"href":"https:\/\/www.cilantroandcitronella.com\/es\/wp-json\/wp\/v2\/pages\/"}],"about":[{"href":"https:\/\/www.cilantroandcitronella.com\/es\/wp-json\/wp\/v2\/types\/page\/"}],"author":[{"embeddable":true,"href":"https:\/\/www.cilantroandcitronella.com\/es\/wp-json\/wp\/v2\/users\/1\/"}],"replies":[{"embeddable":true,"href":"https:\/\/www.cilantroandcitronella.com\/es\/wp-json\/wp\/v2\/comments\/?post=59"}],"version-history":[{"count":12,"href":"https:\/\/www.cilantroandcitronella.com\/es\/wp-json\/wp\/v2\/pages\/59\/revisions\/"}],"predecessor-version":[{"id":9470,"href":"https:\/\/www.cilantroandcitronella.com\/es\/wp-json\/wp\/v2\/pages\/59\/revisions\/9470\/"}],"wp:attachment":[{"href":"https:\/\/www.cilantroandcitronella.com\/es\/wp-json\/wp\/v2\/media\/?parent=59"}],"curies":[{"name":"wp","href":"https:\/\/api.w.org\/{rel}","templated":true}]}}